{"id":181,"date":"2024-12-24T10:38:06","date_gmt":"2024-12-24T10:38:06","guid":{"rendered":"https:\/\/keranga.gajus.de\/?page_id=181"},"modified":"2024-12-24T10:38:06","modified_gmt":"2024-12-24T10:38:06","slug":"keranga-unser-stern","status":"publish","type":"page","link":"https:\/\/wp.keranga.de\/?page_id=181","title":{"rendered":"KERANGA unser Stern"},"content":{"rendered":"<p><img loading=\"lazy\" decoding=\"async\" class=\"size-full wp-image-182 aligncenter\" src=\"https:\/\/keranga.gajus.de\/wp-content\/uploads\/2024\/12\/1735035861044-1612ff74-260d-4b14-9ea8-4054d72a74ff_1.png\" alt=\"\" width=\"1024\" height=\"725\" srcset=\"https:\/\/wp.keranga.de\/wp-content\/uploads\/2024\/12\/1735035861044-1612ff74-260d-4b14-9ea8-4054d72a74ff_1.png 1024w, https:\/\/wp.keranga.de\/wp-content\/uploads\/2024\/12\/1735035861044-1612ff74-260d-4b14-9ea8-4054d72a74ff_1-300x212.png 300w, https:\/\/wp.keranga.de\/wp-content\/uploads\/2024\/12\/1735035861044-1612ff74-260d-4b14-9ea8-4054d72a74ff_1-768x544.png 768w\" sizes=\"auto, (max-width: 1024px) 100vw, 1024px\" \/><\/p>\n<p>&nbsp;<\/p>\n<p><img loading=\"lazy\" decoding=\"async\" class=\"size-full wp-image-183 aligncenter\" src=\"https:\/\/keranga.gajus.de\/wp-content\/uploads\/2024\/12\/1735036027240-9b846a00-638e-4c0f-928f-9183a9561bdb_1.png\" alt=\"\" width=\"723\" height=\"1024\" srcset=\"https:\/\/wp.keranga.de\/wp-content\/uploads\/2024\/12\/1735036027240-9b846a00-638e-4c0f-928f-9183a9561bdb_1.png 723w, https:\/\/wp.keranga.de\/wp-content\/uploads\/2024\/12\/1735036027240-9b846a00-638e-4c0f-928f-9183a9561bdb_1-212x300.png 212w\" sizes=\"auto, (max-width: 723px) 100vw, 723px\" \/><\/p>\n<div class=\"xdj266r x11i5rnm xat24cr x1mh8g0r x1vvkbs x126k92a\">\n<div dir=\"auto\" style=\"text-align: center;\">Schenk einen Stern Deinen Namen?!<\/div>\n<\/div>\n<div class=\"x11i5rnm xat24cr x1mh8g0r x1vvkbs xtlvy1s x126k92a\" style=\"text-align: center;\">\n<div dir=\"auto\">Sternentaufen, die angeboten werden, sind symbolische Geschenke und keine wissenschaftlich<br \/>\noder astronomisch anerkannte Praxis. Hier sind einige Punkte zur Seriosit\u00e4t solcher Anbieter:<\/div>\n<\/div>\n<div class=\"x11i5rnm xat24cr x1mh8g0r x1vvkbs xtlvy1s x126k92a\" style=\"text-align: center;\">\n<div dir=\"auto\">Positive Aspekte:<\/div>\n<div dir=\"auto\">Emotionaler Wert: Viele Menschen sch\u00e4tzen den symbolischen Wert,<br \/>\nbesonders zu Anl\u00e4ssen wie Geburtstagen, Jubil\u00e4en oder Gedenktagen.<\/div>\n<div dir=\"auto\">Die Benennung von Himmelsk\u00f6rpern ist ausschlie\u00dflich der International Astronomical Union (IAU) vorbehalten,<br \/>\nund kommerzielle Anbieter sind daran nicht beteiligt.<\/div>\n<div dir=\"auto\">Der &#8222;getaufte&#8220; Stern kann von verschiedenen Anbietern f\u00fcr unterschiedliche Personen &#8222;getauft&#8220; werden.<br \/>\nEs gibt keine zentralisierte, offizielle Datenbank, die solche Namen registriert.<\/div>\n<div dir=\"auto\"><\/div>\n<div dir=\"auto\">Sternentaufen sind ein nettes Geschenk mit emotionalem Wert, sollten aber nicht mit wissenschaftlicher Legitimit\u00e4t verwechselt werden.<br \/>\nWenn du mit dieser symbolischen Geste einverstanden bist, kannst du einen solchen Service nutzen,<br \/>\nsolltest dir jedoch bewusst sein, dass der Name keinen offiziellen Status hat.<\/div>\n<\/div>\n<div class=\"x11i5rnm xat24cr x1mh8g0r x1vvkbs xtlvy1s x126k92a\">\n<div dir=\"auto\" style=\"text-align: center;\">Quelle: ChatGPT<\/div>\n<\/div>\n","protected":false},"excerpt":{"rendered":"<p>&nbsp; Schenk einen Stern Deinen Namen?! Sternentaufen, die angeboten werden, sind symbolische Geschenke und keine wissenschaftlich oder astronomisch anerkannte Praxis. Hier sind einige Punkte zur Seriosit\u00e4t solcher Anbieter: Positive Aspekte: Emotionaler Wert: Viele Menschen sch\u00e4tzen den symbolischen Wert, besonders zu Anl\u00e4ssen wie Geburtstagen, Jubil\u00e4en oder Gedenktagen. Die Benennung von Himmelsk\u00f6rpern ist ausschlie\u00dflich der International Astronomical [&hellip;]<\/p>\n","protected":false},"author":1,"featured_media":0,"parent":0,"menu_order":0,"comment_status":"closed","ping_status":"closed","template":"","meta":{"footnotes":""},"class_list":["post-181","page","type-page","status-publish","hentry"],"_links":{"self":[{"href":"https:\/\/wp.keranga.de\/index.php?rest_route=\/wp\/v2\/pages\/181","targetHints":{"allow":["GET"]}}],"collection":[{"href":"https:\/\/wp.keranga.de\/index.php?rest_route=\/wp\/v2\/pages"}],"about":[{"href":"https:\/\/wp.keranga.de\/index.php?rest_route=\/wp\/v2\/types\/page"}],"author":[{"embeddable":true,"href":"https:\/\/wp.keranga.de\/index.php?rest_route=\/wp\/v2\/users\/1"}],"replies":[{"embeddable":true,"href":"https:\/\/wp.keranga.de\/index.php?rest_route=%2Fwp%2Fv2%2Fcomments&post=181"}],"version-history":[{"count":2,"href":"https:\/\/wp.keranga.de\/index.php?rest_route=\/wp\/v2\/pages\/181\/revisions"}],"predecessor-version":[{"id":185,"href":"https:\/\/wp.keranga.de\/index.php?rest_route=\/wp\/v2\/pages\/181\/revisions\/185"}],"wp:attachment":[{"href":"https:\/\/wp.keranga.de\/index.php?rest_route=%2Fwp%2Fv2%2Fmedia&parent=181"}],"curies":[{"name":"wp","href":"https:\/\/api.w.org\/{rel}","templated":true}]}}